{"id":296,"date":"2020-07-27T18:52:28","date_gmt":"2020-07-27T16:52:28","guid":{"rendered":"https:\/\/ecole-bregnier-cordon.blog.ac-lyon.fr\/wordpress\/?page_id=296"},"modified":"2021-08-15T14:47:30","modified_gmt":"2021-08-15T12:47:30","slug":"mediatheque-bregnier-cordon","status":"publish","type":"page","link":"https:\/\/ecole-bregnier-cordon.blog.ac-lyon.fr\/wordpress\/nos-partenaires\/mediatheque-bregnier-cordon\/","title":{"rendered":"M\u00e9diath\u00e8que Br\u00e9gnier-Cordon"},"content":{"rendered":"\n<div class=\"wp-block-image\"><figure class=\"aligncenter size-large is-resized\"><img decoding=\"async\" src=\"https:\/\/ecole-bregnier-cordon.blog.ac-lyon.fr\/wordpress\/wp-content\/uploads\/2020\/08\/pomme-livre.png\" alt=\"\" class=\"wp-image-381\" width=\"177\" height=\"213\"\/><\/figure><\/div>\n\n\n\n<div class=\"wp-block-image\"><figure class=\"aligncenter size-large is-resized\"><img decoding=\"async\" src=\"https:\/\/ecole-bregnier-cordon.blog.ac-lyon.fr\/wordpress\/wp-content\/uploads\/2020\/08\/kj-e1598808683655.png\" alt=\"\" class=\"wp-image-416\" width=\"536\" height=\"45\"\/><\/figure><\/div>\n\n\n\n<p>Les \u00e9l\u00e8ves de l\u2019 \u00e9cole, accompagn\u00e9s de leur enseignante se rendent r\u00e9guli\u00e8rement \u00e0 la M\u00e9diath\u00e8que municipale de Br\u00e9gnier-Cordon o\u00f9 ils sont accueillis par <strong>Mme Dedieu.<\/strong><br>Elle leur propose des ateliers de d\u00e9couverte en lien avec les livres, ainsi qu\u2019un temps de choix et d\u2019emprunt de livres.<\/p>\n\n\n\n<p style=\"font-size:17px\"><strong><span style=\"color:#004147\" class=\"tadv-color\">La M\u00e9diath\u00e8que est ouverte au public le<\/span><\/strong><\/p>\n\n\n\n<ul class=\"wp-block-list\"><li>Mardi 16h \u00e0 18h<\/li><li>Mercredi 10h \u00e0 12h et 14h30 \u00e0&nbsp;16h30<\/li><li>Vendredi 9h-12h en juillet et ao\u00fbt (ou sur RDV le soir)<\/li><li>Samedi 9h \u00e0 12h<\/li><\/ul>\n\n\n\n<p><strong><span style=\"color:#b37643\" class=\"tadv-color\">Coordonn\u00e9es :<\/span><\/strong><\/p>\n\n\n\n<p><strong>Adresse :<\/strong> Cit\u00e9 intercommunale de l\u2019enfant,<br>                  Place des sports<br>                  01300 BREGNIER-CORDON<\/p>\n\n\n\n<p><strong>T\u00e9l\u00e9phone :<\/strong> 04.79.81.13.30<br><strong>Mail :<\/strong> <a href=\"mailto:mediatheque-bregnier-cordon@orange.fr\"><strong><a href=\"mailto:mediatheque@bregnier-cordon.fr\">mediatheque@bregnier-cordon.fr<\/a><\/strong><\/a><\/p>\n","protected":false},"excerpt":{"rendered":"<p>Les \u00e9l\u00e8ves de l\u2019 \u00e9cole, accompagn\u00e9s de leur enseignante se rendent r\u00e9guli\u00e8rement \u00e0 la M\u00e9diath\u00e8que municipale de Br\u00e9gnier-Cordon o\u00f9 ils sont accueillis par Mme Dedieu.Elle leur propose des ateliers de d\u00e9couverte en lien avec les livres, ainsi qu\u2019un temps de choix et d\u2019emprunt de livres. La M\u00e9diath\u00e8que est ouverte au public le Mardi 16h \u00e0&hellip;<a href=\"https:\/\/ecole-bregnier-cordon.blog.ac-lyon.fr\/wordpress\/nos-partenaires\/mediatheque-bregnier-cordon\/\" class=\"more-link\">Continue reading <span class=\"screen-reader-text\">M\u00e9diath\u00e8que Br\u00e9gnier-Cordon<\/span><\/a><\/p>\n","protected":false},"author":6,"featured_media":0,"parent":252,"menu_order":0,"comment_status":"closed","ping_status":"closed","template":"page_fullwidth.php","meta":{"ngg_post_thumbnail":0,"_EventAllDay":false,"_EventTimezone":"","_EventStartDate":"","_EventEndDate":"","_EventStartDateUTC":"","_EventEndDateUTC":"","_EventShowMap":false,"_EventShowMapLink":false,"_EventURL":"","_EventCost":"","_EventCostDescription":"","_EventCurrencySymbol":"","_EventCurrencyCode":"","_EventCurrencyPosition":"","_EventDateTimeSeparator":"","_EventTimeRangeSeparator":"","_EventOrganizerID":[],"_EventVenueID":0,"_OrganizerEmail":"","_OrganizerPhone":"","_OrganizerWebsite":"","_VenueAddress":"","_VenueCity":"","_VenueCountry":"","_VenueProvince":"","_VenueZip":"","_VenuePhone":"","_VenueURL":"","_VenueStateProvince":"","_VenueLat":"","_VenueLng":"","footnotes":""},"class_list":["post-296","page","type-page","status-publish","hentry"],"_links":{"self":[{"href":"https:\/\/ecole-bregnier-cordon.blog.ac-lyon.fr\/wordpress\/wp-json\/wp\/v2\/pages\/296","targetHints":{"allow":["GET"]}}],"collection":[{"href":"https:\/\/ecole-bregnier-cordon.blog.ac-lyon.fr\/wordpress\/wp-json\/wp\/v2\/pages"}],"about":[{"href":"https:\/\/ecole-bregnier-cordon.blog.ac-lyon.fr\/wordpress\/wp-json\/wp\/v2\/types\/page"}],"author":[{"embeddable":true,"href":"https:\/\/ecole-bregnier-cordon.blog.ac-lyon.fr\/wordpress\/wp-json\/wp\/v2\/users\/6"}],"replies":[{"embeddable":true,"href":"https:\/\/ecole-bregnier-cordon.blog.ac-lyon.fr\/wordpress\/wp-json\/wp\/v2\/comments?post=296"}],"version-history":[{"count":7,"href":"https:\/\/ecole-bregnier-cordon.blog.ac-lyon.fr\/wordpress\/wp-json\/wp\/v2\/pages\/296\/revisions"}],"predecessor-version":[{"id":515,"href":"https:\/\/ecole-bregnier-cordon.blog.ac-lyon.fr\/wordpress\/wp-json\/wp\/v2\/pages\/296\/revisions\/515"}],"up":[{"embeddable":true,"href":"https:\/\/ecole-bregnier-cordon.blog.ac-lyon.fr\/wordpress\/wp-json\/wp\/v2\/pages\/252"}],"wp:attachment":[{"href":"https:\/\/ecole-bregnier-cordon.blog.ac-lyon.fr\/wordpress\/wp-json\/wp\/v2\/media?parent=296"}],"curies":[{"name":"wp","href":"https:\/\/api.w.org\/{rel}","templated":true}]}}