{"id":294,"date":"2020-07-27T18:51:42","date_gmt":"2020-07-27T16:51:42","guid":{"rendered":"https:\/\/ecole-bregnier-cordon.blog.ac-lyon.fr\/wordpress\/?page_id=294"},"modified":"2021-08-15T14:26:49","modified_gmt":"2021-08-15T12:26:49","slug":"periscolaire","status":"publish","type":"page","link":"https:\/\/ecole-bregnier-cordon.blog.ac-lyon.fr\/wordpress\/infos-pratiques\/periscolaire\/","title":{"rendered":"P\u00e9riscolaire"},"content":{"rendered":"\n<div class=\"wp-block-image\"><figure class=\"alignright size-large\"><img decoding=\"async\" width=\"309\" height=\"224\" src=\"https:\/\/ecole-bregnier-cordon.blog.ac-lyon.fr\/wordpress\/wp-content\/uploads\/2020\/08\/crayon.png\" alt=\"\" class=\"wp-image-397\" srcset=\"https:\/\/ecole-bregnier-cordon.blog.ac-lyon.fr\/wordpress\/wp-content\/uploads\/2020\/08\/crayon.png 309w, https:\/\/ecole-bregnier-cordon.blog.ac-lyon.fr\/wordpress\/wp-content\/uploads\/2020\/08\/crayon-300x217.png 300w\" sizes=\"(max-width: 309px) 100vw, 309px\" \/><\/figure><\/div>\n\n\n\n<p class=\"has-text-align-left\">L\u2019accueil p\u00e9riscolaire est organis\u00e9 par le centre de loisirs de Br\u00e9gnier-Cordon. Il accueille les \u00e9l\u00e8ves de l\u2019\u00e9cole de <strong><span style=\"color:#b37643\" class=\"tadv-color\">7h30 \u00e0 8h30 et de 16h15 \u00e0 18h30.<\/span><\/strong><\/p>\n\n\n\n<p>La directrice du centre est <strong>Mme Bernardet Maguelonne.<\/strong><\/p>\n\n\n\n<p class=\"has-normal-font-size\"><strong><span style=\"color:#b37643\" class=\"tadv-color\">Coordonn\u00e9es : <\/span><\/strong><br><strong>Adresse :<\/strong> Cit\u00e9 Intercommunale de l\u2019enfant 01300 Br\u00e9gnier-Cordon<br><strong>T\u00e9l : <\/strong>04.79.42.26.83<br><strong>E-mail : <\/strong><a href=\"mailto:centreloisirs.bregnier-cordon@orange.fr\"><strong><a href=\"mailto:centreloisirs@bregnier-cordon.fr\">centreloisirs@bregnier-cordon.fr<\/a><\/strong><\/a><\/p>\n\n\n\n<p class=\"has-normal-font-size\"><em><strong>Pour plus de renseignements :<\/strong><\/em> <a href=\"https:\/\/www.bregnier-cordon.fr\/laccueil-de-loisirs\/\">https:\/\/www.bregnier-cordon.fr\/laccueil-de-loisirs\/<\/a><\/p>\n","protected":false},"excerpt":{"rendered":"<p>L\u2019accueil p\u00e9riscolaire est organis\u00e9 par le centre de loisirs de Br\u00e9gnier-Cordon. Il accueille les \u00e9l\u00e8ves de l\u2019\u00e9cole de 7h30 \u00e0 8h30 et de 16h15 \u00e0 18h30. La directrice du centre est Mme Bernardet Maguelonne. Coordonn\u00e9es : Adresse : Cit\u00e9 Intercommunale de l\u2019enfant 01300 Br\u00e9gnier-CordonT\u00e9l : 04.79.42.26.83E-mail : centreloisirs@bregnier-cordon.fr Pour plus de renseignements : https:\/\/www.bregnier-cordon.fr\/laccueil-de-loisirs\/<\/p>\n","protected":false},"author":6,"featured_media":0,"parent":250,"menu_order":0,"comment_status":"closed","ping_status":"closed","template":"page_fullwidth.php","meta":{"ngg_post_thumbnail":0,"_EventAllDay":false,"_EventTimezone":"","_EventStartDate":"","_EventEndDate":"","_EventStartDateUTC":"","_EventEndDateUTC":"","_EventShowMap":false,"_EventShowMapLink":false,"_EventURL":"","_EventCost":"","_EventCostDescription":"","_EventCurrencySymbol":"","_EventCurrencyCode":"","_EventCurrencyPosition":"","_EventDateTimeSeparator":"","_EventTimeRangeSeparator":"","_EventOrganizerID":[],"_EventVenueID":0,"_OrganizerEmail":"","_OrganizerPhone":"","_OrganizerWebsite":"","_VenueAddress":"","_VenueCity":"","_VenueCountry":"","_VenueProvince":"","_VenueZip":"","_VenuePhone":"","_VenueURL":"","_VenueStateProvince":"","_VenueLat":"","_VenueLng":"","footnotes":""},"class_list":["post-294","page","type-page","status-publish","hentry"],"_links":{"self":[{"href":"https:\/\/ecole-bregnier-cordon.blog.ac-lyon.fr\/wordpress\/wp-json\/wp\/v2\/pages\/294","targetHints":{"allow":["GET"]}}],"collection":[{"href":"https:\/\/ecole-bregnier-cordon.blog.ac-lyon.fr\/wordpress\/wp-json\/wp\/v2\/pages"}],"about":[{"href":"https:\/\/ecole-bregnier-cordon.blog.ac-lyon.fr\/wordpress\/wp-json\/wp\/v2\/types\/page"}],"author":[{"embeddable":true,"href":"https:\/\/ecole-bregnier-cordon.blog.ac-lyon.fr\/wordpress\/wp-json\/wp\/v2\/users\/6"}],"replies":[{"embeddable":true,"href":"https:\/\/ecole-bregnier-cordon.blog.ac-lyon.fr\/wordpress\/wp-json\/wp\/v2\/comments?post=294"}],"version-history":[{"count":12,"href":"https:\/\/ecole-bregnier-cordon.blog.ac-lyon.fr\/wordpress\/wp-json\/wp\/v2\/pages\/294\/revisions"}],"predecessor-version":[{"id":514,"href":"https:\/\/ecole-bregnier-cordon.blog.ac-lyon.fr\/wordpress\/wp-json\/wp\/v2\/pages\/294\/revisions\/514"}],"up":[{"embeddable":true,"href":"https:\/\/ecole-bregnier-cordon.blog.ac-lyon.fr\/wordpress\/wp-json\/wp\/v2\/pages\/250"}],"wp:attachment":[{"href":"https:\/\/ecole-bregnier-cordon.blog.ac-lyon.fr\/wordpress\/wp-json\/wp\/v2\/media?parent=294"}],"curies":[{"name":"wp","href":"https:\/\/api.w.org\/{rel}","templated":true}]}}