{"id":292,"date":"2020-07-27T18:51:12","date_gmt":"2020-07-27T16:51:12","guid":{"rendered":"https:\/\/ecole-bregnier-cordon.blog.ac-lyon.fr\/wordpress\/?page_id=292"},"modified":"2023-08-28T11:53:57","modified_gmt":"2023-08-28T09:53:57","slug":"transport-scolaire","status":"publish","type":"page","link":"https:\/\/ecole-bregnier-cordon.blog.ac-lyon.fr\/wordpress\/infos-pratiques\/transport-scolaire\/","title":{"rendered":"Transport scolaire"},"content":{"rendered":"<div class=\"wp-block-image\">\n<figure class=\"alignright size-large is-resized\"><img decoding=\"async\" width=\"1000\" height=\"518\" src=\"https:\/\/ecole-bregnier-cordon.blog.ac-lyon.fr\/wordpress\/wp-content\/uploads\/2020\/08\/bus-scolaire-1.png\" alt=\"\" class=\"wp-image-372\" style=\"width:402px;height:207px\" srcset=\"https:\/\/ecole-bregnier-cordon.blog.ac-lyon.fr\/wordpress\/wp-content\/uploads\/2020\/08\/bus-scolaire-1.png 1000w, https:\/\/ecole-bregnier-cordon.blog.ac-lyon.fr\/wordpress\/wp-content\/uploads\/2020\/08\/bus-scolaire-1-300x155.png 300w, https:\/\/ecole-bregnier-cordon.blog.ac-lyon.fr\/wordpress\/wp-content\/uploads\/2020\/08\/bus-scolaire-1-750x389.png 750w\" sizes=\"(max-width: 1000px) 100vw, 1000px\" \/><\/figure>\n<\/div>\n\n\n<p>Les transports scolaires sont organis\u00e9s par&nbsp;la r\u00e9gion Auvergne-Rh\u00f4ne-Alpes.<br>Pour <strong>plus d&rsquo;informations, rendez-vous sur leur site internet : <\/strong><a href=\"https:\/\/www.auvergnerhonealpes.fr\/370-ain.htm\">https:\/\/www.auvergnerhonealpes.fr\/370-ain.htm<\/a><\/p>\n\n\n\n<p><\/p>\n\n\n\n<p><\/p>\n","protected":false},"excerpt":{"rendered":"<p>Les transports scolaires sont organis\u00e9s par&nbsp;la r\u00e9gion Auvergne-Rh\u00f4ne-Alpes.Pour plus d&rsquo;informations, rendez-vous sur leur site internet : https:\/\/www.auvergnerhonealpes.fr\/370-ain.htm<\/p>\n","protected":false},"author":6,"featured_media":0,"parent":250,"menu_order":0,"comment_status":"closed","ping_status":"closed","template":"page_fullwidth.php","meta":{"ngg_post_thumbnail":0,"_EventAllDay":false,"_EventTimezone":"","_EventStartDate":"","_EventEndDate":"","_EventStartDateUTC":"","_EventEndDateUTC":"","_EventShowMap":false,"_EventShowMapLink":false,"_EventURL":"","_EventCost":"","_EventCostDescription":"","_EventCurrencySymbol":"","_EventCurrencyCode":"","_EventCurrencyPosition":"","_EventDateTimeSeparator":"","_EventTimeRangeSeparator":"","_EventOrganizerID":[],"_EventVenueID":0,"_OrganizerEmail":"","_OrganizerPhone":"","_OrganizerWebsite":"","_VenueAddress":"","_VenueCity":"","_VenueCountry":"","_VenueProvince":"","_VenueZip":"","_VenuePhone":"","_VenueURL":"","_VenueStateProvince":"","_VenueLat":"","_VenueLng":"","footnotes":""},"class_list":["post-292","page","type-page","status-publish","hentry"],"_links":{"self":[{"href":"https:\/\/ecole-bregnier-cordon.blog.ac-lyon.fr\/wordpress\/wp-json\/wp\/v2\/pages\/292","targetHints":{"allow":["GET"]}}],"collection":[{"href":"https:\/\/ecole-bregnier-cordon.blog.ac-lyon.fr\/wordpress\/wp-json\/wp\/v2\/pages"}],"about":[{"href":"https:\/\/ecole-bregnier-cordon.blog.ac-lyon.fr\/wordpress\/wp-json\/wp\/v2\/types\/page"}],"author":[{"embeddable":true,"href":"https:\/\/ecole-bregnier-cordon.blog.ac-lyon.fr\/wordpress\/wp-json\/wp\/v2\/users\/6"}],"replies":[{"embeddable":true,"href":"https:\/\/ecole-bregnier-cordon.blog.ac-lyon.fr\/wordpress\/wp-json\/wp\/v2\/comments?post=292"}],"version-history":[{"count":7,"href":"https:\/\/ecole-bregnier-cordon.blog.ac-lyon.fr\/wordpress\/wp-json\/wp\/v2\/pages\/292\/revisions"}],"predecessor-version":[{"id":606,"href":"https:\/\/ecole-bregnier-cordon.blog.ac-lyon.fr\/wordpress\/wp-json\/wp\/v2\/pages\/292\/revisions\/606"}],"up":[{"embeddable":true,"href":"https:\/\/ecole-bregnier-cordon.blog.ac-lyon.fr\/wordpress\/wp-json\/wp\/v2\/pages\/250"}],"wp:attachment":[{"href":"https:\/\/ecole-bregnier-cordon.blog.ac-lyon.fr\/wordpress\/wp-json\/wp\/v2\/media?parent=292"}],"curies":[{"name":"wp","href":"https:\/\/api.w.org\/{rel}","templated":true}]}}