{"id":290,"date":"2020-07-27T18:50:31","date_gmt":"2020-07-27T16:50:31","guid":{"rendered":"https:\/\/ecole-bregnier-cordon.blog.ac-lyon.fr\/wordpress\/?page_id=290"},"modified":"2020-08-01T16:55:57","modified_gmt":"2020-08-01T14:55:57","slug":"restaurant-scolaire","status":"publish","type":"page","link":"https:\/\/ecole-bregnier-cordon.blog.ac-lyon.fr\/wordpress\/infos-pratiques\/restaurant-scolaire\/","title":{"rendered":"Restaurant scolaire"},"content":{"rendered":"\n<div class=\"wp-block-image\"><figure class=\"aligncenter size-large is-resized\"><img decoding=\"async\" src=\"https:\/\/ecole-bregnier-cordon.blog.ac-lyon.fr\/wordpress\/wp-content\/uploads\/2020\/08\/cantine-1024x186.png\" alt=\"\" class=\"wp-image-374\" width=\"737\" height=\"133\" srcset=\"https:\/\/ecole-bregnier-cordon.blog.ac-lyon.fr\/wordpress\/wp-content\/uploads\/2020\/08\/cantine-1024x186.png 1024w, https:\/\/ecole-bregnier-cordon.blog.ac-lyon.fr\/wordpress\/wp-content\/uploads\/2020\/08\/cantine-300x54.png 300w, https:\/\/ecole-bregnier-cordon.blog.ac-lyon.fr\/wordpress\/wp-content\/uploads\/2020\/08\/cantine-750x136.png 750w, https:\/\/ecole-bregnier-cordon.blog.ac-lyon.fr\/wordpress\/wp-content\/uploads\/2020\/08\/cantine.png 1300w\" sizes=\"(max-width: 737px) 100vw, 737px\" \/><\/figure><\/div>\n\n\n\n<p><br><br>La cantine communale accueille les \u00e9l\u00e8ves <strong>de 12h \u00e0 13h45.<\/strong> Elle est g\u00e9r\u00e9e par le centre de loisirs.<\/p>\n\n\n\n<p><strong>Les coordonn\u00e9es :<\/strong><br><strong>T\u00e9l\u00e9phone :<\/strong> 04.79.42.26.83 <br><strong>Mail <\/strong>: <a href=\"mailto:centreloisirs.bregnier-cordon@orange.fr\">centreloisirs.bregnier-cordon@orange.fr<\/a><br><br>Pour plus d\u2019informations: <a rel=\"noreferrer noopener\" href=\"https:\/\/www.bregnier-cordon.fr\/la-cantine-scolaire\/\" target=\"_blank\">https:\/\/www.bregnier-cordon.fr\/la-cantine-scolaire\/<\/a><\/p>\n","protected":false},"excerpt":{"rendered":"<p>La cantine communale accueille les \u00e9l\u00e8ves de 12h \u00e0 13h45. Elle est g\u00e9r\u00e9e par le centre de loisirs. Les coordonn\u00e9es :T\u00e9l\u00e9phone : 04.79.42.26.83 Mail : centreloisirs.bregnier-cordon@orange.fr Pour plus d\u2019informations: https:\/\/www.bregnier-cordon.fr\/la-cantine-scolaire\/<\/p>\n","protected":false},"author":6,"featured_media":0,"parent":250,"menu_order":0,"comment_status":"closed","ping_status":"closed","template":"page_fullwidth.php","meta":{"ngg_post_thumbnail":0,"_EventAllDay":false,"_EventTimezone":"","_EventStartDate":"","_EventEndDate":"","_EventStartDateUTC":"","_EventEndDateUTC":"","_EventShowMap":false,"_EventShowMapLink":false,"_EventURL":"","_EventCost":"","_EventCostDescription":"","_EventCurrencySymbol":"","_EventCurrencyCode":"","_EventCurrencyPosition":"","_EventDateTimeSeparator":"","_EventTimeRangeSeparator":"","_EventOrganizerID":[],"_EventVenueID":0,"_OrganizerEmail":"","_OrganizerPhone":"","_OrganizerWebsite":"","_VenueAddress":"","_VenueCity":"","_VenueCountry":"","_VenueProvince":"","_VenueZip":"","_VenuePhone":"","_VenueURL":"","_VenueStateProvince":"","_VenueLat":"","_VenueLng":"","footnotes":""},"class_list":["post-290","page","type-page","status-publish","hentry"],"_links":{"self":[{"href":"https:\/\/ecole-bregnier-cordon.blog.ac-lyon.fr\/wordpress\/wp-json\/wp\/v2\/pages\/290","targetHints":{"allow":["GET"]}}],"collection":[{"href":"https:\/\/ecole-bregnier-cordon.blog.ac-lyon.fr\/wordpress\/wp-json\/wp\/v2\/pages"}],"about":[{"href":"https:\/\/ecole-bregnier-cordon.blog.ac-lyon.fr\/wordpress\/wp-json\/wp\/v2\/types\/page"}],"author":[{"embeddable":true,"href":"https:\/\/ecole-bregnier-cordon.blog.ac-lyon.fr\/wordpress\/wp-json\/wp\/v2\/users\/6"}],"replies":[{"embeddable":true,"href":"https:\/\/ecole-bregnier-cordon.blog.ac-lyon.fr\/wordpress\/wp-json\/wp\/v2\/comments?post=290"}],"version-history":[{"count":4,"href":"https:\/\/ecole-bregnier-cordon.blog.ac-lyon.fr\/wordpress\/wp-json\/wp\/v2\/pages\/290\/revisions"}],"predecessor-version":[{"id":395,"href":"https:\/\/ecole-bregnier-cordon.blog.ac-lyon.fr\/wordpress\/wp-json\/wp\/v2\/pages\/290\/revisions\/395"}],"up":[{"embeddable":true,"href":"https:\/\/ecole-bregnier-cordon.blog.ac-lyon.fr\/wordpress\/wp-json\/wp\/v2\/pages\/250"}],"wp:attachment":[{"href":"https:\/\/ecole-bregnier-cordon.blog.ac-lyon.fr\/wordpress\/wp-json\/wp\/v2\/media?parent=290"}],"curies":[{"name":"wp","href":"https:\/\/api.w.org\/{rel}","templated":true}]}}