{"id":284,"date":"2020-07-27T18:48:26","date_gmt":"2020-07-27T16:48:26","guid":{"rendered":"https:\/\/ecole-bregnier-cordon.blog.ac-lyon.fr\/wordpress\/?page_id=284"},"modified":"2023-08-28T11:50:29","modified_gmt":"2023-08-28T09:50:29","slug":"presentation-de-lecole","status":"publish","type":"page","link":"https:\/\/ecole-bregnier-cordon.blog.ac-lyon.fr\/wordpress\/notre-ecole\/presentation-de-lecole\/","title":{"rendered":"Pr\u00e9sentation de l&rsquo;\u00e9cole"},"content":{"rendered":"<div class=\"wp-block-image is-style-rounded\">\n<figure class=\"alignright size-large is-resized\"><img decoding=\"async\" width=\"1024\" height=\"723\" src=\"https:\/\/ecole-bregnier-cordon.blog.ac-lyon.fr\/wordpress\/wp-content\/uploads\/2020\/07\/element5-digital-OyCl7Y4y0Bk-unsplash-1-1024x723.jpg\" alt=\"\" class=\"wp-image-350\" style=\"width:431px;height:308px\" srcset=\"https:\/\/ecole-bregnier-cordon.blog.ac-lyon.fr\/wordpress\/wp-content\/uploads\/2020\/07\/element5-digital-OyCl7Y4y0Bk-unsplash-1-1024x723.jpg 1024w, https:\/\/ecole-bregnier-cordon.blog.ac-lyon.fr\/wordpress\/wp-content\/uploads\/2020\/07\/element5-digital-OyCl7Y4y0Bk-unsplash-1-300x212.jpg 300w, https:\/\/ecole-bregnier-cordon.blog.ac-lyon.fr\/wordpress\/wp-content\/uploads\/2020\/07\/element5-digital-OyCl7Y4y0Bk-unsplash-1-750x529.jpg 750w, https:\/\/ecole-bregnier-cordon.blog.ac-lyon.fr\/wordpress\/wp-content\/uploads\/2020\/07\/element5-digital-OyCl7Y4y0Bk-unsplash-1.jpg 1200w\" sizes=\"(max-width: 1024px) 100vw, 1024px\" \/><\/figure>\n<\/div>\n\n\n<p><br><br><br><\/p>\n\n\n\n<p>L\u2019\u00e9cole de Br\u00e9gnier-Cordon compte cinq classes de la petite section au CM2. Elle accueille les enfants de Br\u00e9gnier-Cordon, Izieu et Murs et G\u00e9ligneux. Elle d\u00e9pend de la circonscription de Belley.<\/p>\n\n\n\n<p>La directrice de l\u2019\u00e9cole est Mme Gesler Isabelle. Vous pouvez la contacter le jour de sa d\u00e9charge, les MARDIS.<br><br><br><\/p>\n\n\n\n<p><br><br><\/p>\n\n\n\n<p class=\"has-medium-font-size\"><strong><span class=\"tadv-color\" style=\"color:#b37643\">L&rsquo;\u00e9quipe p\u00e9dagogique pour l\u2019ann\u00e9e scolaire 2023-2024 :<\/span><\/strong><\/p>\n\n\n\n<table style=\"height: 424px; width: 97.27542041850926%; border-collapse: collapse; border-style: double;\">\n<tbody>\n<tr style=\"height: 23px;\">\n<td style=\"width: 21.10259240125863%; height: 85px; border-style: solid;\"><span style=\"color: #004147;\"><strong>\u00a0 Classe<\/strong><\/span><\/td>\n<td style=\"width: 21.33597368877575%; height: 85px; border-style: solid;\"><span style=\"color: #004147;\"><strong>\u00a0 Nombre d&rsquo;\u00e9l\u00e8ves<\/strong><\/span><\/td>\n<td style=\"width: 25.866311606865352%; height: 85px; border-style: solid;\"><span style=\"color: #004147;\"><strong>\u00a0 Enseignants<\/strong><\/span><\/td>\n<\/tr>\n<tr style=\"height: 23px;\">\n<td style=\"width: 21.10259240125863%; height: 23px; border-style: solid;\"><strong>\u00a0 <span style=\"color: #b37643;\">PS-MS<\/span><\/strong><\/td>\n<td style=\"width: 21.33597368877575%; height: 23px; text-align: center; border-style: solid;\">\u00a0\u00e9l\u00e8ves<\/td>\n<td style=\"width: 25.866311606865352%; height: 23px; border-style: solid;\">\n<p style=\"text-align: center;\">Mme Boisseau et M. Samoyeau<\/p>\n<\/td>\n<\/tr>\n<tr style=\"height: 23px;\">\n<td style=\"width: 21.10259240125863%; height: 23px; border-style: solid;\"><strong>\u00a0 <span style=\"color: #b37643;\">MS-GS<\/span><\/strong><\/td>\n<td style=\"width: 21.33597368877575%; height: 23px; text-align: center; border-style: solid;\">\u00a0\u00e9l\u00e8ves<\/td>\n<td style=\"width: 25.866311606865352%; height: 23px; border-style: solid;\">\n<p style=\"text-align: center;\">Mme Porquet<\/p>\n<\/td>\n<\/tr>\n<tr style=\"height: 23px;\">\n<td style=\"width: 21.10259240125863%; height: 23px; border-style: solid;\"><strong>\u00a0 <span style=\"color: #b37643;\">CP-CE1<\/span><\/strong><\/td>\n<td style=\"width: 21.33597368877575%; height: 23px; text-align: center; border-style: solid;\">\u00e9l\u00e8ves<\/td>\n<td style=\"width: 25.866311606865352%; height: 23px; border-style: solid;\">\n<p style=\"text-align: center;\">Mme Kachkach<\/p>\n<\/td>\n<\/tr>\n<tr style=\"height: 23px;\">\n<td style=\"width: 21.10259240125863%; height: 23px; border-style: solid;\"><strong>\u00a0 <span style=\"color: #b37643;\">CE1-CE2<\/span><\/strong><\/td>\n<td style=\"width: 21.33597368877575%; height: 23px; text-align: center; border-style: solid;\">\u00a0\u00e9l\u00e8ves<\/td>\n<td style=\"width: 25.866311606865352%; height: 23px; border-style: solid;\">\n<p style=\"text-align: center;\">Mme Andr\u00e9o<\/p>\n<\/td>\n<\/tr>\n<tr style=\"height: 23px;\">\n<td style=\"width: 21.10259240125863%; height: 23px; border-style: solid;\"><strong>\u00a0 <span style=\"color: #b37643;\">CM1-CM2<\/span><\/strong><\/td>\n<td style=\"width: 21.33597368877575%; height: 23px; text-align: center; border-style: solid;\">\u00a0\u00e9l\u00e8ves<\/td>\n<td style=\"width: 25.866311606865352%; height: 23px; border-style: solid;\">\n<p style=\"text-align: center;\">Mmes Gesler et Favre<\/p>\n<\/td>\n<\/tr>\n<\/tbody>\n<\/table>\n","protected":false},"excerpt":{"rendered":"<p>L\u2019\u00e9cole de Br\u00e9gnier-Cordon compte cinq classes de la petite section au CM2. Elle accueille les enfants de Br\u00e9gnier-Cordon, Izieu et Murs et G\u00e9ligneux. Elle d\u00e9pend de la circonscription de Belley. La directrice de l\u2019\u00e9cole est Mme Gesler Isabelle. Vous pouvez la contacter le jour de sa d\u00e9charge, les MARDIS. L&rsquo;\u00e9quipe p\u00e9dagogique pour l\u2019ann\u00e9e scolaire 2023-2024&hellip;<a href=\"https:\/\/ecole-bregnier-cordon.blog.ac-lyon.fr\/wordpress\/notre-ecole\/presentation-de-lecole\/\" class=\"more-link\">Continue reading <span class=\"screen-reader-text\">Pr\u00e9sentation de l&rsquo;\u00e9cole<\/span><\/a><\/p>\n","protected":false},"author":6,"featured_media":0,"parent":246,"menu_order":0,"comment_status":"closed","ping_status":"closed","template":"page_fullwidth.php","meta":{"ngg_post_thumbnail":0,"_EventAllDay":false,"_EventTimezone":"","_EventStartDate":"","_EventEndDate":"","_EventStartDateUTC":"","_EventEndDateUTC":"","_EventShowMap":false,"_EventShowMapLink":false,"_EventURL":"","_EventCost":"","_EventCostDescription":"","_EventCurrencySymbol":"","_EventCurrencyCode":"","_EventCurrencyPosition":"","_EventDateTimeSeparator":"","_EventTimeRangeSeparator":"","_EventOrganizerID":[],"_EventVenueID":0,"_OrganizerEmail":"","_OrganizerPhone":"","_OrganizerWebsite":"","_VenueAddress":"","_VenueCity":"","_VenueCountry":"","_VenueProvince":"","_VenueZip":"","_VenuePhone":"","_VenueURL":"","_VenueStateProvince":"","_VenueLat":"","_VenueLng":"","footnotes":""},"class_list":["post-284","page","type-page","status-publish","hentry"],"_links":{"self":[{"href":"https:\/\/ecole-bregnier-cordon.blog.ac-lyon.fr\/wordpress\/wp-json\/wp\/v2\/pages\/284","targetHints":{"allow":["GET"]}}],"collection":[{"href":"https:\/\/ecole-bregnier-cordon.blog.ac-lyon.fr\/wordpress\/wp-json\/wp\/v2\/pages"}],"about":[{"href":"https:\/\/ecole-bregnier-cordon.blog.ac-lyon.fr\/wordpress\/wp-json\/wp\/v2\/types\/page"}],"author":[{"embeddable":true,"href":"https:\/\/ecole-bregnier-cordon.blog.ac-lyon.fr\/wordpress\/wp-json\/wp\/v2\/users\/6"}],"replies":[{"embeddable":true,"href":"https:\/\/ecole-bregnier-cordon.blog.ac-lyon.fr\/wordpress\/wp-json\/wp\/v2\/comments?post=284"}],"version-history":[{"count":16,"href":"https:\/\/ecole-bregnier-cordon.blog.ac-lyon.fr\/wordpress\/wp-json\/wp\/v2\/pages\/284\/revisions"}],"predecessor-version":[{"id":605,"href":"https:\/\/ecole-bregnier-cordon.blog.ac-lyon.fr\/wordpress\/wp-json\/wp\/v2\/pages\/284\/revisions\/605"}],"up":[{"embeddable":true,"href":"https:\/\/ecole-bregnier-cordon.blog.ac-lyon.fr\/wordpress\/wp-json\/wp\/v2\/pages\/246"}],"wp:attachment":[{"href":"https:\/\/ecole-bregnier-cordon.blog.ac-lyon.fr\/wordpress\/wp-json\/wp\/v2\/media?parent=284"}],"curies":[{"name":"wp","href":"https:\/\/api.w.org\/{rel}","templated":true}]}}