{"id":274,"date":"2020-07-27T18:35:53","date_gmt":"2020-07-27T16:35:53","guid":{"rendered":"https:\/\/ecole-bregnier-cordon.blog.ac-lyon.fr\/wordpress\/?page_id=274"},"modified":"2022-03-11T16:17:34","modified_gmt":"2022-03-11T15:17:34","slug":"accueil","status":"publish","type":"page","link":"https:\/\/ecole-bregnier-cordon.blog.ac-lyon.fr\/wordpress\/","title":{"rendered":""},"content":{"rendered":"\n<h1 style=\"text-align: center;\"><span style=\"color: #cc9f16;\">Bienvenue sur le site internet de <\/span><span style=\"color: #cc9f16;\">l&rsquo;\u00e9cole <\/span><\/h1>\n<h1 style=\"text-align: center;\"><span style=\"color: #cc9f16;\">de Br\u00e9gnier-Cordon<\/span><\/h1>\n\n\n\n<p><\/p>\n\n\n\n<h2 class=\"has-text-align-center wp-block-heading\" id=\"retrouvez-les-dernieres-actualites\">Retrouvez les derni\u00e8res actualit\u00e9s ! <\/h2>\n\n\n<div class=\"wp-block-image\">\n<figure class=\"aligncenter size-large is-resized\"><img decoding=\"async\" src=\"https:\/\/ecole-bregnier-cordon.blog.ac-lyon.fr\/wordpress\/wp-content\/uploads\/2020\/08\/kj-e1598808683655.png\" alt=\"\" class=\"wp-image-416\" width=\"450\" height=\"38\"\/><\/figure>\n<\/div>\n\n<ul class=\"wp-block-latest-posts__list is-grid columns-3 wp-block-latest-posts\"><li><div class=\"wp-block-latest-posts__featured-image alignleft\"><img decoding=\"async\" width=\"150\" height=\"150\" src=\"https:\/\/ecole-bregnier-cordon.blog.ac-lyon.fr\/wordpress\/wp-content\/uploads\/2020\/08\/article-vacances-150x150.png\" class=\"attachment-thumbnail size-thumbnail wp-post-image\" alt=\"\" style=\"max-width:50px;max-height:75px;\" \/><\/div><a class=\"wp-block-latest-posts__post-title\" href=\"https:\/\/ecole-bregnier-cordon.blog.ac-lyon.fr\/wordpress\/2023\/08\/28\/vacances-scolaires-2021-2022\/\">VACANCES SCOLAIRES 2023-2024<\/a><\/li>\n<li><div class=\"wp-block-latest-posts__featured-image alignleft\"><img decoding=\"async\" width=\"150\" height=\"150\" src=\"https:\/\/ecole-bregnier-cordon.blog.ac-lyon.fr\/wordpress\/wp-content\/uploads\/2020\/08\/pomme-livre-150x150.png\" class=\"attachment-thumbnail size-thumbnail wp-post-image\" alt=\"\" style=\"max-width:50px;max-height:75px;\" \/><\/div><a class=\"wp-block-latest-posts__post-title\" href=\"https:\/\/ecole-bregnier-cordon.blog.ac-lyon.fr\/wordpress\/2023\/08\/28\/informations-premier-jour-de-la-rentree-2021\/\">INFORMATIONS PREMIER JOUR DE LA RENTR\u00c9E 2023<\/a><\/li>\n<li><div class=\"wp-block-latest-posts__featured-image alignleft\"><img decoding=\"async\" width=\"150\" height=\"150\" src=\"https:\/\/ecole-bregnier-cordon.blog.ac-lyon.fr\/wordpress\/wp-content\/uploads\/2020\/08\/crayon-150x150.png\" class=\"attachment-thumbnail size-thumbnail wp-post-image\" alt=\"\" style=\"max-width:50px;max-height:75px;\" \/><\/div><a class=\"wp-block-latest-posts__post-title\" href=\"https:\/\/ecole-bregnier-cordon.blog.ac-lyon.fr\/wordpress\/2023\/08\/28\/listes-de-fournitures-2023-2024\/\">LISTES DE FOURNITURES 2023-2024<\/a><\/li>\n<li><div class=\"wp-block-latest-posts__featured-image alignleft\"><img decoding=\"async\" width=\"150\" height=\"150\" src=\"https:\/\/ecole-bregnier-cordon.blog.ac-lyon.fr\/wordpress\/wp-content\/uploads\/2022\/03\/cinema-150x150.png\" class=\"attachment-thumbnail size-thumbnail wp-post-image\" alt=\"\" style=\"max-width:50px;max-height:75px;\" srcset=\"https:\/\/ecole-bregnier-cordon.blog.ac-lyon.fr\/wordpress\/wp-content\/uploads\/2022\/03\/cinema-150x150.png 150w, https:\/\/ecole-bregnier-cordon.blog.ac-lyon.fr\/wordpress\/wp-content\/uploads\/2022\/03\/cinema-300x300.png 300w, https:\/\/ecole-bregnier-cordon.blog.ac-lyon.fr\/wordpress\/wp-content\/uploads\/2022\/03\/cinema-e1647012446526.png 200w\" sizes=\"(max-width: 150px) 100vw, 150px\" \/><\/div><a class=\"wp-block-latest-posts__post-title\" href=\"https:\/\/ecole-bregnier-cordon.blog.ac-lyon.fr\/wordpress\/2022\/03\/11\/fete-du-court-metrage-2022\/\">F\u00caTE DU COURT-M\u00c9TRAGE 2022<\/a><\/li>\n<li><div class=\"wp-block-latest-posts__featured-image alignleft\"><img decoding=\"async\" width=\"150\" height=\"150\" src=\"https:\/\/ecole-bregnier-cordon.blog.ac-lyon.fr\/wordpress\/wp-content\/uploads\/2022\/03\/theatre-150x150.png\" class=\"attachment-thumbnail size-thumbnail wp-post-image\" alt=\"\" style=\"max-width:50px;max-height:75px;\" srcset=\"https:\/\/ecole-bregnier-cordon.blog.ac-lyon.fr\/wordpress\/wp-content\/uploads\/2022\/03\/theatre-150x150.png 150w, https:\/\/ecole-bregnier-cordon.blog.ac-lyon.fr\/wordpress\/wp-content\/uploads\/2022\/03\/theatre-300x300.png 300w, https:\/\/ecole-bregnier-cordon.blog.ac-lyon.fr\/wordpress\/wp-content\/uploads\/2022\/03\/theatre.png 512w\" sizes=\"(max-width: 150px) 100vw, 150px\" \/><\/div><a class=\"wp-block-latest-posts__post-title\" href=\"https:\/\/ecole-bregnier-cordon.blog.ac-lyon.fr\/wordpress\/2022\/03\/11\/prochaines-activites-scolaires\/\">Prochaines activit\u00e9s scolaires<\/a><\/li>\n<\/ul>\n\n\n<p><\/p>\n","protected":false},"excerpt":{"rendered":"<p>Bienvenue sur le site internet de l&rsquo;\u00e9cole de Br\u00e9gnier-Cordon Retrouvez les derni\u00e8res actualit\u00e9s !<\/p>\n","protected":false},"author":6,"featured_media":0,"parent":0,"menu_order":0,"comment_status":"closed","ping_status":"closed","template":"page_fullwidth.php","meta":{"ngg_post_thumbnail":0,"_EventAllDay":false,"_EventTimezone":"","_EventStartDate":"","_EventEndDate":"","_EventStartDateUTC":"","_EventEndDateUTC":"","_EventShowMap":false,"_EventShowMapLink":false,"_EventURL":"","_EventCost":"","_EventCostDescription":"","_EventCurrencySymbol":"","_EventCurrencyCode":"","_EventCurrencyPosition":"","_EventDateTimeSeparator":"","_EventTimeRangeSeparator":"","_EventOrganizerID":[],"_EventVenueID":0,"_OrganizerEmail":"","_OrganizerPhone":"","_OrganizerWebsite":"","_VenueAddress":"","_VenueCity":"","_VenueCountry":"","_VenueProvince":"","_VenueZip":"","_VenuePhone":"","_VenueURL":"","_VenueStateProvince":"","_VenueLat":"","_VenueLng":"","footnotes":""},"class_list":["post-274","page","type-page","status-publish","hentry"],"_links":{"self":[{"href":"https:\/\/ecole-bregnier-cordon.blog.ac-lyon.fr\/wordpress\/wp-json\/wp\/v2\/pages\/274","targetHints":{"allow":["GET"]}}],"collection":[{"href":"https:\/\/ecole-bregnier-cordon.blog.ac-lyon.fr\/wordpress\/wp-json\/wp\/v2\/pages"}],"about":[{"href":"https:\/\/ecole-bregnier-cordon.blog.ac-lyon.fr\/wordpress\/wp-json\/wp\/v2\/types\/page"}],"author":[{"embeddable":true,"href":"https:\/\/ecole-bregnier-cordon.blog.ac-lyon.fr\/wordpress\/wp-json\/wp\/v2\/users\/6"}],"replies":[{"embeddable":true,"href":"https:\/\/ecole-bregnier-cordon.blog.ac-lyon.fr\/wordpress\/wp-json\/wp\/v2\/comments?post=274"}],"version-history":[{"count":18,"href":"https:\/\/ecole-bregnier-cordon.blog.ac-lyon.fr\/wordpress\/wp-json\/wp\/v2\/pages\/274\/revisions"}],"predecessor-version":[{"id":574,"href":"https:\/\/ecole-bregnier-cordon.blog.ac-lyon.fr\/wordpress\/wp-json\/wp\/v2\/pages\/274\/revisions\/574"}],"wp:attachment":[{"href":"https:\/\/ecole-bregnier-cordon.blog.ac-lyon.fr\/wordpress\/wp-json\/wp\/v2\/media?parent=274"}],"curies":[{"name":"wp","href":"https:\/\/api.w.org\/{rel}","templated":true}]}}